{"id":117,"date":"2017-03-18T15:35:18","date_gmt":"2017-03-18T14:35:18","guid":{"rendered":"http:\/\/localhost\/wordpress\/?page_id=117"},"modified":"2017-04-13T16:54:20","modified_gmt":"2017-04-13T14:54:20","slug":"a-votre-service","status":"publish","type":"page","link":"https:\/\/atdm-charpentes.fr\/index.php\/a-votre-service\/","title":{"rendered":"<img style=\"width: 50px; margin-left: 10px;\" src=\"wp-content\/uploads\/2017\/04\/qualibat.png\" alt=\"qualibat\"\/> Certification"},"content":{"rendered":"<div style=\"text-align: left\">Afin de mieux satisfaire vos besoins, nous disposons des qualifications Qualibat RGE suivantes,<br \/>\navec mention <em>Efficacit\u00e9 \u00e9nerg\u00e9tique &#8211; travaux isol\u00e9s<\/em>:<\/p>\n<ul>\n<li style=\"line-height:normal; padding-bottom: 10px; margin-top: 10px;\"><b>2301<\/b>: Fourniture et pose de charpente traditionnelle et structure en bois<\/li>\n<li><b>3101<\/b>: Tuiles \u00e0 emboitement ou glissement<\/li>\n<li><b>3111<\/b>: Tuiles canal<\/li>\n<\/ul>\n<\/div>\n","protected":false},"excerpt":{"rendered":"<p>Afin de mieux satisfaire vos besoins, nous disposons des qualifications Qualibat RGE suivantes, avec mention Efficacit\u00e9 \u00e9nerg\u00e9tique &#8211; travaux isol\u00e9s: 2301: Fourniture et pose de<\/p>\n","protected":false},"author":1,"featured_media":121,"parent":0,"menu_order":0,"comment_status":"closed","ping_status":"closed","template":"","meta":[],"_links":{"self":[{"href":"https:\/\/atdm-charpentes.fr\/index.php\/wp-json\/wp\/v2\/pages\/117"}],"collection":[{"href":"https:\/\/atdm-charpentes.fr\/index.php\/wp-json\/wp\/v2\/pages"}],"about":[{"href":"https:\/\/atdm-charpentes.fr\/index.php\/wp-json\/wp\/v2\/types\/page"}],"author":[{"embeddable":true,"href":"https:\/\/atdm-charpentes.fr\/index.php\/wp-json\/wp\/v2\/users\/1"}],"replies":[{"embeddable":true,"href":"https:\/\/atdm-charpentes.fr\/index.php\/wp-json\/wp\/v2\/comments?post=117"}],"version-history":[{"count":30,"href":"https:\/\/atdm-charpentes.fr\/index.php\/wp-json\/wp\/v2\/pages\/117\/revisions"}],"predecessor-version":[{"id":215,"href":"https:\/\/atdm-charpentes.fr\/index.php\/wp-json\/wp\/v2\/pages\/117\/revisions\/215"}],"wp:featuredmedia":[{"embeddable":true,"href":"https:\/\/atdm-charpentes.fr\/index.php\/wp-json\/wp\/v2\/media\/121"}],"wp:attachment":[{"href":"https:\/\/atdm-charpentes.fr\/index.php\/wp-json\/wp\/v2\/media?parent=117"}],"curies":[{"name":"wp","href":"https:\/\/api.w.org\/{rel}","templated":true}]}}