{"id":26,"date":"2017-03-18T15:00:27","date_gmt":"2017-03-18T14:00:27","guid":{"rendered":"http:\/\/localhost\/wordpress\/?page_id=26"},"modified":"2017-04-13T15:16:26","modified_gmt":"2017-04-13T13:16:26","slug":"rehaussement-de-toiture","status":"publish","type":"page","link":"https:\/\/atdm-charpentes.fr\/index.php\/rehaussement-de-toiture\/","title":{"rendered":"R\u00e9haussement de toiture"},"content":{"rendered":"<p>Le rehaussement de toiture a comme objectif d\u2019augmenter la surface de son logement, en permettant la construction d&rsquo;un \u00e9tage suppl\u00e9mentaire. Il ne r\u00e9duit pas la surface du jardin, et les fondations ne sont pas modifi\u00e9es. Le rehaussement de toiture est donc un bon moyen de gagner en surface sans faire de compromis.<\/p>\n","protected":false},"excerpt":{"rendered":"<p>Le rehaussement de toiture a comme objectif d\u2019augmenter la surface de son logement, en permettant la construction d&rsquo;un \u00e9tage suppl\u00e9mentaire. Il ne r\u00e9duit pas la<\/p>\n","protected":false},"author":1,"featured_media":98,"parent":0,"menu_order":0,"comment_status":"closed","ping_status":"closed","template":"page-templates\/template-services.php","meta":[],"_links":{"self":[{"href":"https:\/\/atdm-charpentes.fr\/index.php\/wp-json\/wp\/v2\/pages\/26"}],"collection":[{"href":"https:\/\/atdm-charpentes.fr\/index.php\/wp-json\/wp\/v2\/pages"}],"about":[{"href":"https:\/\/atdm-charpentes.fr\/index.php\/wp-json\/wp\/v2\/types\/page"}],"author":[{"embeddable":true,"href":"https:\/\/atdm-charpentes.fr\/index.php\/wp-json\/wp\/v2\/users\/1"}],"replies":[{"embeddable":true,"href":"https:\/\/atdm-charpentes.fr\/index.php\/wp-json\/wp\/v2\/comments?post=26"}],"version-history":[{"count":3,"href":"https:\/\/atdm-charpentes.fr\/index.php\/wp-json\/wp\/v2\/pages\/26\/revisions"}],"predecessor-version":[{"id":175,"href":"https:\/\/atdm-charpentes.fr\/index.php\/wp-json\/wp\/v2\/pages\/26\/revisions\/175"}],"wp:featuredmedia":[{"embeddable":true,"href":"https:\/\/atdm-charpentes.fr\/index.php\/wp-json\/wp\/v2\/media\/98"}],"wp:attachment":[{"href":"https:\/\/atdm-charpentes.fr\/index.php\/wp-json\/wp\/v2\/media?parent=26"}],"curies":[{"name":"wp","href":"https:\/\/api.w.org\/{rel}","templated":true}]}}