{"id":30,"date":"2017-03-20T15:05:17","date_gmt":"2017-03-20T14:05:17","guid":{"rendered":"http:\/\/localhost\/wordpress\/?page_id=30"},"modified":"2017-04-13T15:11:44","modified_gmt":"2017-04-13T13:11:44","slug":"charpentes","status":"publish","type":"page","link":"https:\/\/atdm-charpentes.fr\/index.php\/charpentes\/","title":{"rendered":"Charpentes"},"content":{"rendered":"<p>La charpente est l&rsquo;ossature de votre toiture, son r\u00f4le est de r\u00e9partir le poids de la couverture afin d&rsquo;assurer la solidit\u00e9 de votre toiture et donc de votre maison. Elle doit donc \u00eatre tr\u00e8s r\u00e9sistante, l\u00e9g\u00e8re et d\u00e9gager le plus de volume pour l&rsquo;habitation.<\/p>\n","protected":false},"excerpt":{"rendered":"<p>La charpente est l&rsquo;ossature de votre toiture, son r\u00f4le est de r\u00e9partir le poids de la couverture afin d&rsquo;assurer la solidit\u00e9 de votre toiture et<\/p>\n","protected":false},"author":1,"featured_media":70,"parent":0,"menu_order":0,"comment_status":"closed","ping_status":"closed","template":"page-templates\/template-services.php","meta":[],"_links":{"self":[{"href":"https:\/\/atdm-charpentes.fr\/index.php\/wp-json\/wp\/v2\/pages\/30"}],"collection":[{"href":"https:\/\/atdm-charpentes.fr\/index.php\/wp-json\/wp\/v2\/pages"}],"about":[{"href":"https:\/\/atdm-charpentes.fr\/index.php\/wp-json\/wp\/v2\/types\/page"}],"author":[{"embeddable":true,"href":"https:\/\/atdm-charpentes.fr\/index.php\/wp-json\/wp\/v2\/users\/1"}],"replies":[{"embeddable":true,"href":"https:\/\/atdm-charpentes.fr\/index.php\/wp-json\/wp\/v2\/comments?post=30"}],"version-history":[{"count":3,"href":"https:\/\/atdm-charpentes.fr\/index.php\/wp-json\/wp\/v2\/pages\/30\/revisions"}],"predecessor-version":[{"id":173,"href":"https:\/\/atdm-charpentes.fr\/index.php\/wp-json\/wp\/v2\/pages\/30\/revisions\/173"}],"wp:featuredmedia":[{"embeddable":true,"href":"https:\/\/atdm-charpentes.fr\/index.php\/wp-json\/wp\/v2\/media\/70"}],"wp:attachment":[{"href":"https:\/\/atdm-charpentes.fr\/index.php\/wp-json\/wp\/v2\/media?parent=30"}],"curies":[{"name":"wp","href":"https:\/\/api.w.org\/{rel}","templated":true}]}}