{"id":33,"date":"2017-03-18T15:06:27","date_gmt":"2017-03-18T14:06:27","guid":{"rendered":"http:\/\/localhost\/wordpress\/?page_id=33"},"modified":"2017-04-13T15:08:35","modified_gmt":"2017-04-13T13:08:35","slug":"couverture-en-tuile-ardoise-ou-zinc","status":"publish","type":"page","link":"https:\/\/atdm-charpentes.fr\/index.php\/couverture-en-tuile-ardoise-ou-zinc\/","title":{"rendered":"Couverture en tuile ou zinc"},"content":{"rendered":"<p>La couverture assure l&rsquo;\u00e9tanch\u00e9it\u00e9 de votre maison, la protection des intemp\u00e9ries et doit r\u00e9sister aux agressions climatiques ou chimiques ext\u00e9rieures. Nous proposons une pose en tuiles ou en zinc selon vos besoins.<\/p>\n","protected":false},"excerpt":{"rendered":"<p>La couverture assure l&rsquo;\u00e9tanch\u00e9it\u00e9 de votre maison, la protection des intemp\u00e9ries et doit r\u00e9sister aux agressions climatiques ou chimiques ext\u00e9rieures. Nous proposons une pose en<\/p>\n","protected":false},"author":1,"featured_media":101,"parent":0,"menu_order":0,"comment_status":"closed","ping_status":"closed","template":"page-templates\/template-services.php","meta":[],"_links":{"self":[{"href":"https:\/\/atdm-charpentes.fr\/index.php\/wp-json\/wp\/v2\/pages\/33"}],"collection":[{"href":"https:\/\/atdm-charpentes.fr\/index.php\/wp-json\/wp\/v2\/pages"}],"about":[{"href":"https:\/\/atdm-charpentes.fr\/index.php\/wp-json\/wp\/v2\/types\/page"}],"author":[{"embeddable":true,"href":"https:\/\/atdm-charpentes.fr\/index.php\/wp-json\/wp\/v2\/users\/1"}],"replies":[{"embeddable":true,"href":"https:\/\/atdm-charpentes.fr\/index.php\/wp-json\/wp\/v2\/comments?post=33"}],"version-history":[{"count":5,"href":"https:\/\/atdm-charpentes.fr\/index.php\/wp-json\/wp\/v2\/pages\/33\/revisions"}],"predecessor-version":[{"id":171,"href":"https:\/\/atdm-charpentes.fr\/index.php\/wp-json\/wp\/v2\/pages\/33\/revisions\/171"}],"wp:featuredmedia":[{"embeddable":true,"href":"https:\/\/atdm-charpentes.fr\/index.php\/wp-json\/wp\/v2\/media\/101"}],"wp:attachment":[{"href":"https:\/\/atdm-charpentes.fr\/index.php\/wp-json\/wp\/v2\/media?parent=33"}],"curies":[{"name":"wp","href":"https:\/\/api.w.org\/{rel}","templated":true}]}}