{"id":36,"date":"2017-03-18T15:08:47","date_gmt":"2017-03-18T14:08:47","guid":{"rendered":"http:\/\/localhost\/wordpress\/?page_id=36"},"modified":"2017-04-13T15:03:37","modified_gmt":"2017-04-13T13:03:37","slug":"demontage-charpentes","status":"publish","type":"page","link":"https:\/\/atdm-charpentes.fr\/index.php\/demontage-charpentes\/","title":{"rendered":"D\u00e9montage charpente et toiture"},"content":{"rendered":"<p>Il peut \u00eatre n\u00e9cessaire de proc\u00e9der \u00e0 cette manipulation lorsque que votre charpente ou toiture a subi des d\u00e9g\u00e2ts importants, ou que des soucis r\u00e9currents ne peuvent pas \u00eatre r\u00e9solus par une simple r\u00e9paration. Cela permet la mise en place d&rsquo;une construction neuve.<\/p>\n","protected":false},"excerpt":{"rendered":"<p>Il peut \u00eatre n\u00e9cessaire de proc\u00e9der \u00e0 cette manipulation lorsque que votre charpente ou toiture a subi des d\u00e9g\u00e2ts importants, ou que des soucis r\u00e9currents<\/p>\n","protected":false},"author":1,"featured_media":64,"parent":0,"menu_order":0,"comment_status":"closed","ping_status":"closed","template":"page-templates\/template-services.php","meta":[],"_links":{"self":[{"href":"https:\/\/atdm-charpentes.fr\/index.php\/wp-json\/wp\/v2\/pages\/36"}],"collection":[{"href":"https:\/\/atdm-charpentes.fr\/index.php\/wp-json\/wp\/v2\/pages"}],"about":[{"href":"https:\/\/atdm-charpentes.fr\/index.php\/wp-json\/wp\/v2\/types\/page"}],"author":[{"embeddable":true,"href":"https:\/\/atdm-charpentes.fr\/index.php\/wp-json\/wp\/v2\/users\/1"}],"replies":[{"embeddable":true,"href":"https:\/\/atdm-charpentes.fr\/index.php\/wp-json\/wp\/v2\/comments?post=36"}],"version-history":[{"count":4,"href":"https:\/\/atdm-charpentes.fr\/index.php\/wp-json\/wp\/v2\/pages\/36\/revisions"}],"predecessor-version":[{"id":169,"href":"https:\/\/atdm-charpentes.fr\/index.php\/wp-json\/wp\/v2\/pages\/36\/revisions\/169"}],"wp:featuredmedia":[{"embeddable":true,"href":"https:\/\/atdm-charpentes.fr\/index.php\/wp-json\/wp\/v2\/media\/64"}],"wp:attachment":[{"href":"https:\/\/atdm-charpentes.fr\/index.php\/wp-json\/wp\/v2\/media?parent=36"}],"curies":[{"name":"wp","href":"https:\/\/api.w.org\/{rel}","templated":true}]}}