{"id":44,"date":"2017-03-18T15:15:46","date_gmt":"2017-03-18T14:15:46","guid":{"rendered":"http:\/\/localhost\/wordpress\/?page_id=44"},"modified":"2017-04-13T14:56:43","modified_gmt":"2017-04-13T12:56:43","slug":"gouttieres","status":"publish","type":"page","link":"https:\/\/atdm-charpentes.fr\/index.php\/gouttieres\/","title":{"rendered":"Goutti\u00e8res"},"content":{"rendered":"<p>Le syst\u00e8me de goutti\u00e8res permet d\u2019\u00e9loigner les eaux pluviales de la r\u00e9sidence. L\u2019eau peut gravement endommager les fondations d\u2019une maison et causer des d\u00e9g\u00e2ts tr\u00e8s co\u00fbteux, c&rsquo;est pourquoi il est important de maintenir les goutti\u00e8res en bon \u00e9tat.<\/p>\n","protected":false},"excerpt":{"rendered":"<p>Le syst\u00e8me de goutti\u00e8res permet d\u2019\u00e9loigner les eaux pluviales de la r\u00e9sidence. L\u2019eau peut gravement endommager les fondations d\u2019une maison et causer des d\u00e9g\u00e2ts tr\u00e8s<\/p>\n","protected":false},"author":1,"featured_media":95,"parent":0,"menu_order":0,"comment_status":"closed","ping_status":"closed","template":"page-templates\/template-services.php","meta":[],"_links":{"self":[{"href":"https:\/\/atdm-charpentes.fr\/index.php\/wp-json\/wp\/v2\/pages\/44"}],"collection":[{"href":"https:\/\/atdm-charpentes.fr\/index.php\/wp-json\/wp\/v2\/pages"}],"about":[{"href":"https:\/\/atdm-charpentes.fr\/index.php\/wp-json\/wp\/v2\/types\/page"}],"author":[{"embeddable":true,"href":"https:\/\/atdm-charpentes.fr\/index.php\/wp-json\/wp\/v2\/users\/1"}],"replies":[{"embeddable":true,"href":"https:\/\/atdm-charpentes.fr\/index.php\/wp-json\/wp\/v2\/comments?post=44"}],"version-history":[{"count":2,"href":"https:\/\/atdm-charpentes.fr\/index.php\/wp-json\/wp\/v2\/pages\/44\/revisions"}],"predecessor-version":[{"id":165,"href":"https:\/\/atdm-charpentes.fr\/index.php\/wp-json\/wp\/v2\/pages\/44\/revisions\/165"}],"wp:featuredmedia":[{"embeddable":true,"href":"https:\/\/atdm-charpentes.fr\/index.php\/wp-json\/wp\/v2\/media\/95"}],"wp:attachment":[{"href":"https:\/\/atdm-charpentes.fr\/index.php\/wp-json\/wp\/v2\/media?parent=44"}],"curies":[{"name":"wp","href":"https:\/\/api.w.org\/{rel}","templated":true}]}}