{"id":50,"date":"2017-03-18T16:20:58","date_gmt":"2017-03-18T15:20:58","guid":{"rendered":"http:\/\/localhost\/wordpress\/?page_id=50"},"modified":"2017-04-13T14:51:24","modified_gmt":"2017-04-13T12:51:24","slug":"isolation-toiture","status":"publish","type":"page","link":"https:\/\/atdm-charpentes.fr\/index.php\/isolation-toiture\/","title":{"rendered":"Isolation toiture"},"content":{"rendered":"<p>La toiture repr\u00e9sente la plus grande source de pertes thermiques. Il est donc primordial d&rsquo;isoler cette paroi en priorit\u00e9, afin de r\u00e9duire drastiquement le gaspillage d&rsquo;\u00e9nergie.<\/p>\n","protected":false},"excerpt":{"rendered":"<p>La toiture repr\u00e9sente la plus grande source de pertes thermiques. Il est donc primordial d&rsquo;isoler cette paroi en priorit\u00e9, afin de r\u00e9duire drastiquement le gaspillage<\/p>\n","protected":false},"author":1,"featured_media":108,"parent":0,"menu_order":0,"comment_status":"closed","ping_status":"closed","template":"page-templates\/template-services.php","meta":[],"_links":{"self":[{"href":"https:\/\/atdm-charpentes.fr\/index.php\/wp-json\/wp\/v2\/pages\/50"}],"collection":[{"href":"https:\/\/atdm-charpentes.fr\/index.php\/wp-json\/wp\/v2\/pages"}],"about":[{"href":"https:\/\/atdm-charpentes.fr\/index.php\/wp-json\/wp\/v2\/types\/page"}],"author":[{"embeddable":true,"href":"https:\/\/atdm-charpentes.fr\/index.php\/wp-json\/wp\/v2\/users\/1"}],"replies":[{"embeddable":true,"href":"https:\/\/atdm-charpentes.fr\/index.php\/wp-json\/wp\/v2\/comments?post=50"}],"version-history":[{"count":4,"href":"https:\/\/atdm-charpentes.fr\/index.php\/wp-json\/wp\/v2\/pages\/50\/revisions"}],"predecessor-version":[{"id":162,"href":"https:\/\/atdm-charpentes.fr\/index.php\/wp-json\/wp\/v2\/pages\/50\/revisions\/162"}],"wp:featuredmedia":[{"embeddable":true,"href":"https:\/\/atdm-charpentes.fr\/index.php\/wp-json\/wp\/v2\/media\/108"}],"wp:attachment":[{"href":"https:\/\/atdm-charpentes.fr\/index.php\/wp-json\/wp\/v2\/media?parent=50"}],"curies":[{"name":"wp","href":"https:\/\/api.w.org\/{rel}","templated":true}]}}